{"id":82,"date":"2018-08-25T11:27:14","date_gmt":"2018-08-25T09:27:14","guid":{"rendered":"http:\/\/www.ambazacbadminton.fr\/Beta\/wordpress\/?page_id=82"},"modified":"2022-10-30T07:26:30","modified_gmt":"2022-10-30T06:26:30","slug":"presentation-de-lecole","status":"publish","type":"page","link":"https:\/\/www.ambazacbadminton.fr\/Beta\/wordpress\/presentation-de-lecole\/","title":{"rendered":"Pr\u00e9sentation de l&rsquo;\u00e9cole"},"content":{"rendered":"\n<p style=\"padding-left: 20px;\">L&rsquo;\u00e9cole accueille les enfants de 8 \u00e0 14 ans les samedis de 8H30 \u00e0 11H au gymnase d&rsquo;Ambazac.<br><br>L&rsquo;\u00e9cole est encadr\u00e9e b\u00e9n\u00e9volement par les membres du Bureau, \u00e9paul\u00e9e par les parents et adh\u00e9rents volontaires.<br><br>L&rsquo;\u00e9chauffement, l&rsquo;apprentissage des r\u00e8gles, la ma\u00eetrise des bases du badminton font partis des nombreux \u00e9l\u00e9ments qui seront enseign\u00e9s \u00e0 nos jeunes licenci\u00e9s.<br><br>La pratique sera \u00e9videmment mise en avant lors de ces entra\u00eenements, mais aussi lors du tournoi interne du club, des rencontres amicales, ou encore pour ceux qui le souhaitent lors des tournois jeunes, dont les frais d&rsquo;inscriptions sont int\u00e9gralement pris en charge par le club.<\/p>\n<br>\n\n\n\n<figure class=\"wp-block-image\"><img decoding=\"async\" loading=\"lazy\" width=\"1024\" height=\"725\" src=\"http:\/\/www.ambazacbadminton.fr\/Beta\/wordpress\/wp-content\/uploads\/2019\/09\/image-1-1024x725.png\" alt=\"\" class=\"wp-image-819\" srcset=\"https:\/\/www.ambazacbadminton.fr\/Beta\/wordpress\/wp-content\/uploads\/2019\/09\/image-1-1024x725.png 1024w, https:\/\/www.ambazacbadminton.fr\/Beta\/wordpress\/wp-content\/uploads\/2019\/09\/image-1-300x212.png 300w, https:\/\/www.ambazacbadminton.fr\/Beta\/wordpress\/wp-content\/uploads\/2019\/09\/image-1-768x543.png 768w, https:\/\/www.ambazacbadminton.fr\/Beta\/wordpress\/wp-content\/uploads\/2019\/09\/image-1.png 1286w\" sizes=\"(max-width: 1024px) 100vw, 1024px\" \/><\/figure>\n","protected":false},"excerpt":{"rendered":"<p>L&rsquo;\u00e9cole accueille les enfants de 8 \u00e0 14 ans les samedis de 8H30 \u00e0 11H au gymnase d&rsquo;Ambazac. L&rsquo;\u00e9cole est encadr\u00e9e b\u00e9n\u00e9volement par les membres du Bureau, \u00e9paul\u00e9e par les parents et adh\u00e9rents volontaires. L&rsquo;\u00e9chauffement, l&rsquo;apprentissage des r\u00e8gles, la ma\u00eetrise des bases du badminton font partis des nombreux \u00e9l\u00e9ments qui seront enseign\u00e9s \u00e0 nos jeunes &hellip; <\/p>\n<p><a class=\"more-link btn\" href=\"https:\/\/www.ambazacbadminton.fr\/Beta\/wordpress\/presentation-de-lecole\/\">Lire la suite<\/a><\/p>\n","protected":false},"author":1,"featured_media":0,"parent":0,"menu_order":0,"comment_status":"closed","ping_status":"closed","template":"","meta":{"footnotes":""},"_links":{"self":[{"href":"https:\/\/www.ambazacbadminton.fr\/Beta\/wordpress\/wp-json\/wp\/v2\/pages\/82"}],"collection":[{"href":"https:\/\/www.ambazacbadminton.fr\/Beta\/wordpress\/wp-json\/wp\/v2\/pages"}],"about":[{"href":"https:\/\/www.ambazacbadminton.fr\/Beta\/wordpress\/wp-json\/wp\/v2\/types\/page"}],"author":[{"embeddable":true,"href":"https:\/\/www.ambazacbadminton.fr\/Beta\/wordpress\/wp-json\/wp\/v2\/users\/1"}],"replies":[{"embeddable":true,"href":"https:\/\/www.ambazacbadminton.fr\/Beta\/wordpress\/wp-json\/wp\/v2\/comments?post=82"}],"version-history":[{"count":9,"href":"https:\/\/www.ambazacbadminton.fr\/Beta\/wordpress\/wp-json\/wp\/v2\/pages\/82\/revisions"}],"predecessor-version":[{"id":2275,"href":"https:\/\/www.ambazacbadminton.fr\/Beta\/wordpress\/wp-json\/wp\/v2\/pages\/82\/revisions\/2275"}],"wp:attachment":[{"href":"https:\/\/www.ambazacbadminton.fr\/Beta\/wordpress\/wp-json\/wp\/v2\/media?parent=82"}],"curies":[{"name":"wp","href":"https:\/\/api.w.org\/{rel}","templated":true}]}}